{"id":494,"date":"2025-06-10T13:00:30","date_gmt":"2025-06-10T11:00:30","guid":{"rendered":"https:\/\/przystanpiekna.zabiegibeauty.pl\/?page_id=494"},"modified":"2025-06-10T13:06:35","modified_gmt":"2025-06-10T11:06:35","slug":"formularz-bloomea-drezdenko","status":"publish","type":"page","link":"https:\/\/przystanpiekna.zabiegibeauty.pl\/?page_id=494","title":{"rendered":"formularz &#8211; bloomea Drezdenko"},"content":{"rendered":"\t\t<div data-elementor-type=\"wp-page\" data-elementor-id=\"494\" class=\"elementor elementor-494\">\n\t\t\t\t\t\t<section class=\"elementor-section elementor-top-section elementor-element elementor-element-6fbf574 elementor-section-boxed elementor-section-height-default elementor-section-height-default wpr-particle-no wpr-jarallax-no wpr-parallax-no wpr-sticky-section-no\" data-id=\"6fbf574\" data-element_type=\"section\" data-settings=\"{&quot;background_background&quot;:&quot;classic&quot;}\">\n\t\t\t\t\t\t\t<div class=\"elementor-background-overlay\"><\/div>\n\t\t\t\t\t\t\t<div class=\"elementor-container elementor-column-gap-default\">\n\t\t\t\t\t<div class=\"elementor-column elementor-col-100 elementor-top-column elementor-element elementor-element-7fc94c0 elementor-invisible\" data-id=\"7fc94c0\" data-element_type=\"column\" data-settings=\"{&quot;animation&quot;:&quot;fadeIn&quot;}\">\n\t\t\t<div class=\"elementor-widget-wrap elementor-element-populated\">\n\t\t\t\t\t\t<div class=\"elementor-element elementor-element-47dcb8a elementor-widget elementor-widget-heading\" data-id=\"47dcb8a\" data-element_type=\"widget\" data-widget_type=\"heading.default\">\n\t\t\t\t<div class=\"elementor-widget-container\">\n\t\t\t\t\t<h2 class=\"elementor-heading-title elementor-size-default\">Oferta Specjalna<\/h2>\t\t\t\t<\/div>\n\t\t\t\t<\/div>\n\t\t\t\t<div class=\"elementor-element elementor-element-bb0c5d0 elementor-widget elementor-widget-progress\" data-id=\"bb0c5d0\" data-element_type=\"widget\" data-widget_type=\"progress.default\">\n\t\t\t\t<div class=\"elementor-widget-container\">\n\t\t\t\t\t\t\t\t<span class=\"elementor-title\" id=\"elementor-progress-bar-bb0c5d0\">\n\t\t\t\tZapis\t\t\t<\/span>\n\t\t\n\t\t<div aria-labelledby=\"elementor-progress-bar-bb0c5d0\" class=\"elementor-progress-wrapper\" role=\"progressbar\" aria-valuemin=\"0\" aria-valuemax=\"100\" aria-valuenow=\"75\" aria-valuetext=\"75% (Zapis na wizyt\u0119)\">\n\t\t\t<div class=\"elementor-progress-bar\" data-max=\"75\">\n\t\t\t\t<span class=\"elementor-progress-text\">Zapis na wizyt\u0119<\/span>\n\t\t\t\t\t\t\t\t\t<span class=\"elementor-progress-percentage\">75%<\/span>\n\t\t\t\t\t\t\t<\/div>\n\t\t<\/div>\n\t\t\t\t\t\t<\/div>\n\t\t\t\t<\/div>\n\t\t\t\t<div class=\"elementor-element elementor-element-196075c elementor-widget elementor-widget-counter\" data-id=\"196075c\" data-element_type=\"widget\" data-widget_type=\"counter.default\">\n\t\t\t\t<div class=\"elementor-widget-container\">\n\t\t\t\t\t\t\t<div class=\"elementor-counter\">\n\t\t\t<div class=\"elementor-counter-title\">Za Tob\u0105<\/div>\t\t\t<div class=\"elementor-counter-number-wrapper\">\n\t\t\t\t<span class=\"elementor-counter-number-prefix\"><\/span>\n\t\t\t\t<span class=\"elementor-counter-number\" data-duration=\"2000\" data-to-value=\"75\" data-from-value=\"0\" data-delimiter=\",\">0<\/span>\n\t\t\t\t<span class=\"elementor-counter-number-suffix\">%<\/span>\n\t\t\t<\/div>\n\t\t<\/div>\n\t\t\t\t\t\t<\/div>\n\t\t\t\t<\/div>\n\t\t\t\t<div class=\"elementor-element elementor-element-6e96139 elementor-widget elementor-widget-heading\" data-id=\"6e96139\" data-element_type=\"widget\" data-widget_type=\"heading.default\">\n\t\t\t\t<div class=\"elementor-widget-container\">\n\t\t\t\t\t<h2 class=\"elementor-heading-title elementor-size-default\">Doko\u0144cz rejestracje i odbierz zabieg \nw promocyjnej cenie za 279 z\u0142<\/h2>\t\t\t\t<\/div>\n\t\t\t\t<\/div>\n\t\t\t\t<div class=\"elementor-element elementor-element-f489770 elementor-widget elementor-widget-heading\" data-id=\"f489770\" data-element_type=\"widget\" data-widget_type=\"heading.default\">\n\t\t\t\t<div class=\"elementor-widget-container\">\n\t\t\t\t\t<h2 class=\"elementor-heading-title elementor-size-default\">Wype\u0142nij poni\u017cszy formularz, aby zapisa\u0107 si\u0119 na wizyt\u0119!<br><br>Wybierz proponowan\u0105 dat\u0119 wizyty, nast\u0119pnie salon skontaktuj\u0119 si\u0119 z Tob\u0105,<br>aby potwierdzi\u0107 termin.<\/h2>\t\t\t\t<\/div>\n\t\t\t\t<\/div>\n\t\t\t\t<div class=\"elementor-element elementor-element-e33eecf elementor-widget elementor-widget-shortcode\" data-id=\"e33eecf\" data-element_type=\"widget\" data-widget_type=\"shortcode.default\">\n\t\t\t\t<div class=\"elementor-widget-container\">\n\t\t\t\t\t\t\t<div class=\"elementor-shortcode\"><div class=\"forminator-ui forminator-custom-form forminator-custom-form-500 forminator-design--default  forminator_ajax\" data-forminator-render=\"0\" data-form=\"forminator-module-500\" data-uid=\"6a04d185026c0\"><br\/><\/div><form\n\t\t\t\tid=\"forminator-module-500\"\n\t\t\t\tclass=\"forminator-ui forminator-custom-form forminator-custom-form-500 forminator-design--default  forminator_ajax\"\n\t\t\t\tmethod=\"post\"\n\t\t\t\tdata-forminator-render=\"0\"\n\t\t\t\tdata-form-id=\"500\"\n\t\t\t\t data-color-option=\"default\" data-design=\"default\" data-grid=\"open\" style=\"display: none;\"\n\t\t\t\tdata-uid=\"6a04d185026c0\"\n\t\t\t><div role=\"alert\" aria-live=\"polite\" class=\"forminator-response-message forminator-error\" aria-hidden=\"true\"><\/div><div class=\"forminator-row\"><div id=\"name-1\" class=\"forminator-field-name forminator-col forminator-col-12 \"><div class=\"forminator-field\"><label for=\"forminator-field-name-1_6a04d185026c0\" id=\"forminator-field-name-1_6a04d185026c0-label\" class=\"forminator-label\">Imi\u0119 <span class=\"forminator-required\">*<\/span><\/label><input type=\"text\" name=\"name-1\" value=\"\" placeholder=\"Na przyk\u0142ad: Anna\" id=\"forminator-field-name-1_6a04d185026c0\" class=\"forminator-input forminator-name--field\" aria-required=\"true\" autocomplete=\"name\" \/><\/div><\/div><\/div><div class=\"forminator-row\"><div id=\"email-1\" class=\"forminator-field-email forminator-col forminator-col-12 \"><div class=\"forminator-field\"><label for=\"forminator-field-email-1_6a04d185026c0\" id=\"forminator-field-email-1_6a04d185026c0-label\" class=\"forminator-label\">Adres e-mail <span class=\"forminator-required\">*<\/span><\/label><input type=\"email\" name=\"email-1\" value=\"\" placeholder=\"Na przyk\u0142ad: anna@nowak.pl\" id=\"forminator-field-email-1_6a04d185026c0\" class=\"forminator-input forminator-email--field\" data-required=\"true\" aria-required=\"true\" autocomplete=\"email\" \/><\/div><\/div><\/div><div class=\"forminator-row\"><div id=\"phone-1\" class=\"forminator-field-phone forminator-col forminator-col-12 \"><div class=\"forminator-field\"><label for=\"forminator-field-phone-1_6a04d185026c0\" id=\"forminator-field-phone-1_6a04d185026c0-label\" class=\"forminator-label\">Numer telefonu <span class=\"forminator-required\">*<\/span><\/label><input type=\"text\" name=\"phone-1\" value=\"\" placeholder=\"Przyk\u0142ad: +48 555 555 555\" id=\"forminator-field-phone-1_6a04d185026c0\" class=\"forminator-input forminator-field--phone\" data-required=\"1\" aria-required=\"true\" autocomplete=\"off\" \/><\/div><\/div><\/div><div class=\"forminator-row\"><div id=\"date-1\" class=\"forminator-field-date forminator-col forminator-col-12 \"><div class=\"forminator-field\"><label for=\"forminator-field-date-1-picker_6a04d185026c0\" id=\"forminator-field-date-1-picker_6a04d185026c0-label\" class=\"forminator-label\">Data <span class=\"forminator-required\">*<\/span><\/label><div class=\"forminator-input-with-icon\"><span class=\"forminator-icon-calendar\" aria-hidden=\"true\"><\/span><input autocomplete=\"off\" type=\"text\" size=\"1\" name=\"date-1\" value=\"\" placeholder=\"Wybierz dat\u0119 wizyty\" id=\"forminator-field-date-1-picker_6a04d185026c0\" class=\"forminator-input forminator-datepicker\" data-required=\"1\" data-format=\"dd\/mm\/yy\" data-restrict-type=\"week\" data-restrict=\"0,6\" data-start-year=\"2026\" data-end-year=\"2126\" data-past-dates=\"enable\" data-start-of-week=\"1\" data-start-date=\"2026-05-13\" data-end-date=\"\" data-start-field=\"\" data-end-field=\"\" data-start-offset=\"\" data-end-offset=\"\" data-disable-date=\"\" data-disable-range=\"\" \/><\/div><\/div><\/div><\/div><input type=\"hidden\" name=\"referer_url\" value=\"\" \/><div class=\"forminator-row forminator-row-last\"><div class=\"forminator-col\"><div class=\"forminator-field\"><button class=\"forminator-button forminator-button-submit\">Zapisz si\u0119 na wizyt\u0119!<\/button><\/div><\/div><\/div><input type=\"hidden\" id=\"forminator_nonce\" name=\"forminator_nonce\" value=\"6d3c7d6959\" \/><input type=\"hidden\" name=\"_wp_http_referer\" value=\"\/index.php?rest_route=%2Fwp%2Fv2%2Fpages%2F494\" \/><input type=\"hidden\" name=\"form_id\" value=\"500\"><input type=\"hidden\" name=\"page_id\" value=\"494\"><input type=\"hidden\" name=\"form_type\" value=\"default\"><input type=\"hidden\" name=\"current_url\" value=\"https:\/\/przystanpiekna.zabiegibeauty.pl\/?page_id=494\"><input type=\"hidden\" name=\"render_id\" value=\"0\"><input type=\"hidden\" name=\"action\" value=\"forminator_submit_form_custom-forms\"><\/form><\/div>\n\t\t\t\t\t\t<\/div>\n\t\t\t\t<\/div>\n\t\t\t\t<div class=\"elementor-element elementor-element-d18ca78 elementor-widget elementor-widget-text-editor\" data-id=\"d18ca78\" data-element_type=\"widget\" data-widget_type=\"text-editor.default\">\n\t\t\t\t<div class=\"elementor-widget-container\">\n\t\t\t\t\t\t\t\t\t<p>Wysy\u0142aj\u0105c formularz wyra\u017casz zgod\u0119 na przetwarzanie danych osobowych zgodnie z\u00a0<a href=\"https:\/\/przystanpiekna.zabiegibeauty.pl\/?page_id=3\" target=\"_blank\" rel=\"nofollow noopener\">Polityk\u0105 Prywatno\u015bci.<\/a><\/p>\t\t\t\t\t\t\t\t<\/div>\n\t\t\t\t<\/div>\n\t\t\t\t\t<\/div>\n\t\t<\/div>\n\t\t\t\t\t<\/div>\n\t\t<\/section>\n\t\t\t\t<\/div>\n\t\t","protected":false},"excerpt":{"rendered":"<p>Oferta Specjalna Zapis Zapis na wizyt\u0119 75% Za Tob\u0105 0 % Doko\u0144cz rejestracje i odbierz zabieg w promocyjnej cenie za 279 z\u0142 Wype\u0142nij poni\u017cszy formularz, aby zapisa\u0107 si\u0119 na wizyt\u0119! Wybierz proponowan\u0105 dat\u0119 wizyty, nast\u0119pnie salon skontaktuj\u0119 si\u0119 z Tob\u0105,aby potwierdzi\u0107 termin. Wysy\u0142aj\u0105c formularz wyra\u017casz zgod\u0119 na przetwarzanie danych osobowych zgodnie z\u00a0Polityk\u0105 Prywatno\u015bci.<\/p>\n","protected":false},"author":1,"featured_media":0,"parent":0,"menu_order":0,"comment_status":"closed","ping_status":"closed","template":"elementor_canvas","meta":{"footnotes":""},"class_list":["post-494","page","type-page","status-publish","hentry"],"_links":{"self":[{"href":"https:\/\/przystanpiekna.zabiegibeauty.pl\/index.php?rest_route=\/wp\/v2\/pages\/494","targetHints":{"allow":["GET"]}}],"collection":[{"href":"https:\/\/przystanpiekna.zabiegibeauty.pl\/index.php?rest_route=\/wp\/v2\/pages"}],"about":[{"href":"https:\/\/przystanpiekna.zabiegibeauty.pl\/index.php?rest_route=\/wp\/v2\/types\/page"}],"author":[{"embeddable":true,"href":"https:\/\/przystanpiekna.zabiegibeauty.pl\/index.php?rest_route=\/wp\/v2\/users\/1"}],"replies":[{"embeddable":true,"href":"https:\/\/przystanpiekna.zabiegibeauty.pl\/index.php?rest_route=%2Fwp%2Fv2%2Fcomments&post=494"}],"version-history":[{"count":7,"href":"https:\/\/przystanpiekna.zabiegibeauty.pl\/index.php?rest_route=\/wp\/v2\/pages\/494\/revisions"}],"predecessor-version":[{"id":506,"href":"https:\/\/przystanpiekna.zabiegibeauty.pl\/index.php?rest_route=\/wp\/v2\/pages\/494\/revisions\/506"}],"wp:attachment":[{"href":"https:\/\/przystanpiekna.zabiegibeauty.pl\/index.php?rest_route=%2Fwp%2Fv2%2Fmedia&parent=494"}],"curies":[{"name":"wp","href":"https:\/\/api.w.org\/{rel}","templated":true}]}}